{"id":15,"date":"2010-01-14T20:32:23","date_gmt":"2010-01-14T19:32:23","guid":{"rendered":"https:\/\/www.opinioneslibres.es\/elalfereztrueno\/?page_id=15"},"modified":"2010-01-14T20:32:23","modified_gmt":"2010-01-14T19:32:23","slug":"santo-y-sena","status":"publish","type":"page","link":"https:\/\/www.opinioneslibres.es\/elalfereztrueno\/?page_id=15","title":{"rendered":"Santo y Se\u00f1a"},"content":{"rendered":"<p>He tenido la suerte de nacer en Santander, en una familia como las de toda la vida, en la que mis padres me han inculcado la importancia del respeto hacia los dem\u00e1s, el valor de la educaci\u00f3n que me llev\u00f3 a estudiar en el Colegio de Los Agustinos desde primero de EGB hasta COU, (teniendo como recuerdo imborrable el antig\u00fco colegio de Alc\u00e1zar de Toledo), para terminar mi formaci\u00f3n en la Facultad de Ciencias Econ\u00f3micas y Empresariales de Santander.<\/p>\n<p>Soy muy consciente del esfuerzo que mi formaci\u00f3n supuso para mis padres y por eso les estar\u00e9 eternamente agradecido.<\/p>\n","protected":false},"excerpt":{"rendered":"<p>He tenido la suerte de nacer en Santander, en una familia como las de toda la vida, en la que mis padres me han inculcado la importancia del respeto hacia los dem\u00e1s, el valor de la educaci\u00f3n que me llev\u00f3 a estudiar en el Colegio de Los Agustinos desde primero de EGB hasta COU, (teniendo [&#8230;]<\/p>\n","protected":false},"author":2,"featured_media":0,"parent":0,"menu_order":0,"comment_status":"open","ping_status":"open","template":"","meta":{"footnotes":""},"class_list":["post-15","page","type-page","status-publish","hentry"],"_links":{"self":[{"href":"https:\/\/www.opinioneslibres.es\/elalfereztrueno\/index.php?rest_route=\/wp\/v2\/pages\/15","targetHints":{"allow":["GET"]}}],"collection":[{"href":"https:\/\/www.opinioneslibres.es\/elalfereztrueno\/index.php?rest_route=\/wp\/v2\/pages"}],"about":[{"href":"https:\/\/www.opinioneslibres.es\/elalfereztrueno\/index.php?rest_route=\/wp\/v2\/types\/page"}],"author":[{"embeddable":true,"href":"https:\/\/www.opinioneslibres.es\/elalfereztrueno\/index.php?rest_route=\/wp\/v2\/users\/2"}],"replies":[{"embeddable":true,"href":"https:\/\/www.opinioneslibres.es\/elalfereztrueno\/index.php?rest_route=%2Fwp%2Fv2%2Fcomments&post=15"}],"version-history":[{"count":0,"href":"https:\/\/www.opinioneslibres.es\/elalfereztrueno\/index.php?rest_route=\/wp\/v2\/pages\/15\/revisions"}],"wp:attachment":[{"href":"https:\/\/www.opinioneslibres.es\/elalfereztrueno\/index.php?rest_route=%2Fwp%2Fv2%2Fmedia&parent=15"}],"curies":[{"name":"wp","href":"https:\/\/api.w.org\/{rel}","templated":true}]}}