{"id":57,"date":"2009-09-04T18:57:35","date_gmt":"2009-09-04T16:57:35","guid":{"rendered":"https:\/\/www.opinioneslibres.es\/elgatoazul\/?page_id=57"},"modified":"2009-09-04T18:57:35","modified_gmt":"2009-09-04T16:57:35","slug":"vaya-verano","status":"publish","type":"page","link":"https:\/\/www.opinioneslibres.es\/elgatoazul\/?page_id=57","title":{"rendered":"VAYA VERANO"},"content":{"rendered":"<p><!--[if gte mso 9]><xml> <w:WordDocument> <w:View>Normal<\/w:View> <w:Zoom>0<\/w:Zoom> <w:HyphenationZone>21<\/w:HyphenationZone> <w:PunctuationKerning \/> <w:ValidateAgainstSchemas \/> <w:SaveIfXMLInvalid>false<\/w:SaveIfXMLInvalid> <w:IgnoreMixedContent>false<\/w:IgnoreMixedContent> <w:AlwaysShowPlaceholderText>false<\/w:AlwaysShowPlaceholderText> <w:Compatibility> <w:BreakWrappedTables \/> <w:SnapToGridInCell \/> <w:WrapTextWithPunct \/> <w:UseAsianBreakRules \/> <w:DontGrowAutofit \/> <\/w:Compatibility> <w:BrowserLevel>MicrosoftInternetExplorer4<\/w:BrowserLevel> <\/w:WordDocument> <\/xml><![endif]--><!--[if gte mso 9]><xml> <w:LatentStyles DefLockedState=\"false\" LatentStyleCount=\"156\"> <\/w:LatentStyles> <\/xml><![endif]--><!--[if !mso]><span class=\"mceItemObject\"   classid=\"clsid:38481807-CA0E-42D2-BF39-B33AF135CC4D\" id=ieooui><\/span>\n<mce:style><!  st1:*{behavior:url(#ieooui) } --><\/p>\n<p><!--[endif]--> <!--[if gte mso 10]>\n<mce:style><!   \/* Style Definitions *\/  table.MsoNormalTable \t{mso-style-name:\"Tabla normal\"; \tmso-tstyle-rowband-size:0; \tmso-tstyle-colband-size:0; \tmso-style-noshow:yes; \tmso-style-parent:\"\"; \tmso-padding-alt:0cm 5.4pt 0cm 5.4pt; \tmso-para-margin:0cm; \tmso-para-margin-bottom:.0001pt; \tmso-pagination:widow-orphan; \tfont-size:10.0pt; \tfont-family:\"Times New Roman\"; \tmso-ansi-language:#0400; \tmso-fareast-language:#0400; \tmso-bidi-language:#0400;} --><\/p>\n<p><!--[endif]--><\/p>\n<p class=\"MsoNormal\" style=\"text-align: justify; text-indent: 35.4pt;\"><strong>Estamos en v\u00edsperas del nuevo curso pol\u00edtico, y digo nuevo por decir algo, porque ya todos intuimos lo que ocurrir\u00e1 en los pr\u00f3ximos meses. De una parte, el Gobierno nos anunciar\u00e1 que los brotes verdes econ\u00f3micos seguir\u00e1n creciendo, aunque sea en un desierto de resecadas dunas. De otra, los sindicatos contemplar\u00e1n el paisaje como si a su alrededor floreciesen deliciosos <span> <\/span>oasis de coberturas sociales para amparar a quienes <span> <\/span>que pierden sus empleos. Para las empresas o a los aut\u00f3nomos que caigan no hay oasis que valga. Y enfrente, existir\u00e1 una oposici\u00f3n que seguir\u00e1 clamando por la ineficacia gubernamental y, sobretodo, quej\u00e1ndose de que es sistem\u00e1ticamente espiada y perseguida por fiscales y agentes policiales. <\/strong><\/p>\n<p class=\"MsoNormal\" style=\"text-align: justify;\"><strong> <\/strong><\/p>\n<p class=\"MsoNormal\" style=\"text-align: justify; text-indent: 35.4pt;\"><strong>Quien haya seguido las noticias de prensa producidas a lo largo del verano sacar\u00e1 la conclusi\u00f3n de que en este pa\u00eds lo m\u00e1s importante que ha ocurrido ha sido el fichaje de ases futbol\u00edsticos y el avance de la aterradora gripe. En medio, en un Consejo de Ministros urgente, se regulaba la TDT. Mientras tanto,<span> <\/span>nuestra principal industria, el turismo, ca\u00eda m\u00e1s de un 10 %, el paro segu\u00eda creciendo en pleno verano, la deuda espa\u00f1ola aumentaba imparable con nuevas subvenciones sociales, y se anunciaba el cierre de la central nuclear de Garo\u00f1a, quedando nuestra energ\u00eda asegurada por las importaciones de gas ruso o los \u00e1tomos de Francia. No se supo nada de a qu\u00e9 se dedicaban el Presidente en su refugio de Lanzarote, como tampoco<span> <\/span>de sus ministros, dando conferencias en las universidades de verano,<span> <\/span>tomando medidas radicales contra la gripe que se nos viene encima,<span> <\/span>y ocultando las contrataciones de la hija del Vicepresidente Chaves. Claro est\u00e1 que, la oposici\u00f3n tampoco se luci\u00f3. Rajoy en Galicia, se dedicaba a visitar romer\u00edas, y los dem\u00e1s arropaban al Presidente de la Comunidad Valenciana denunciado por <span> <\/span>falsedades en la compra de sus trajes.<\/strong><\/p>\n<p class=\"MsoNormal\" style=\"text-align: justify;\"><strong> <\/strong><\/p>\n<p class=\"MsoNormal\" style=\"text-align: justify; text-indent: 35.4pt;\"><strong>Este veranbo, varios miles de espa\u00f1olitos perd\u00edan sus empleos, otros cerraban sus empresas, algunos ve\u00edan arder sus montes y cultivos, y se arreglaban las aceras de las ciudades como si hubiesen sido bombardeadas, gracias a los millones de euros destinados a combatir la crisis econ\u00f3mica. Ahora en septiembre, el curso escolar amenaza a las familias con los gastos de libros y material escolar, avanza la duda sobre el contagio masivo de la gripe y se anuncia <span> <\/span>una subida de impuestos centrada en las rentas que puede generar el ahorro o la inversi\u00f3n privada.<\/strong><\/p>\n<p class=\"MsoNormal\" style=\"text-align: justify; text-indent: 35.4pt;\"><strong> <\/strong><\/p>\n<p class=\"MsoNormal\" style=\"text-align: justify; text-indent: 35.4pt;\"><strong><span> <\/span>Recientemente, la OCDE ha comentado que se atisban crecimientos econ\u00f3micos en Europa y Estados Unidos Ha <span> <\/span>faltado tiempo para que la Vicepresidenta econ\u00f3mica se sume al optimismo d\u00e1ndonos a entender que llegamos al final de un t\u00fanel, cuya presencia siempre fue negada. <span> <\/span>Que se lo digan a todos aquellos que dejar\u00e1n de arreglar aceras o construir carriles bici en las pr\u00f3ximas semanas para volver al paro. Que se lo digan a los empresarios que seguir\u00e1n sin conseguir cr\u00e9ditos, que se lo digan a quienes buscan casa y no pueden pagar las hipotecas aunque \u00e9stas sigan bajando, que se lo digan al trabajador que ve c\u00f3mo su trabajo pende de un hilo. Que se lo digan a cualquiera, menos a unos silenciosos sindicatos, supuestos defensores de<span> <\/span>los trabajadores. Que se lo digan a los ayuntamientos que ahogados en sus deudas. Que se lo digan a los inmigrantes que no encuentran trabajo alguno. Y que la oposici\u00f3n siga diciendo a los espa\u00f1oles que est\u00e1n siendo espiados o<span> <\/span>que les arrinconan.<span> <\/span><\/strong><\/p>\n<p class=\"MsoNormal\" style=\"text-align: justify;\"><strong> <\/strong><\/p>\n<p class=\"MsoNormal\" style=\"text-align: justify; text-indent: 35.4pt;\"><strong>Desde hace meses se ha visto la ca\u00edda de la recaudaci\u00f3n tributaria del IVA, y de las cotizaciones a la Seguridad Social, en casi un 30 %. Pero simult\u00e1neamente nadie observa restricci\u00f3n alguna en el despilfarro de los gastos p\u00fablicos, ni por supuesto la reducci\u00f3n del desempleo, en un pa\u00eds donde se ha estancado el consumo. <span> <\/span><\/strong><\/p>\n<p class=\"MsoNormal\" style=\"text-align: justify;\"><strong> <\/strong><\/p>\n<p class=\"MsoNormal\" style=\"text-align: justify; text-indent: 35.4pt;\"><strong>Tengo para m\u00ed la triste impresi\u00f3n de que este pa\u00eds caminar\u00e1, como siempre, con el pie cambiado. Mientras los dem\u00e1s inician t\u00edmidas recuperaciones, aqu\u00ed seguimos excavando el pozo de la  depresi\u00f3n. Mientras los dem\u00e1s ajustan sus econom\u00edas, aqu\u00ed subvencionamos el gasto innecesario, arreglando aceras o pintando las tapias de los cementerios. Mientras los dem\u00e1s restringen el gasto p\u00fablico, aqu\u00ed sigue creciendo el n\u00famero de funcionarios, solo superado por el de desempleados. Mientras los dem\u00e1s realizan cambios en sus econom\u00edas, aqu\u00ed mantenemos los ineficientes sistemas de contrataci\u00f3n de hace d\u00e9cadas.<\/strong><\/p>\n<p class=\"MsoNormal\" style=\"text-align: justify;\"><strong> <\/strong><\/p>\n<p class=\"MsoNormal\" style=\"text-align: justify; text-indent: 35.4pt;\"><strong>Ese es el panorama. Aunque las encuestas castiguen la gesti\u00f3n del gobierno socialista, ninguna premia la esperanza de un gobierno popular. Aunque las encuestas desprecien la figura de los ministros, ninguna premia a personaje alguno de la oposici\u00f3n. Esala realidad. Y por mucho que la oposici\u00f3n proteste por ser espiada, por mucho que se hable del retraso del Tribunal Constitucional, <span> <\/span>la gente tiene otras preocupaciones mucho m\u00e1s cercanas y aterradoras.<\/strong><\/p>\n<p class=\"MsoNormal\" style=\"text-align: justify;\">\n<p class=\"MsoNormal\" style=\"text-align: justify;\">\n","protected":false},"excerpt":{"rendered":"<p>Estamos en v\u00edsperas del nuevo curso pol\u00edtico, y digo nuevo por decir algo, porque ya todos intuimos lo que ocurrir\u00e1 en los pr\u00f3ximos meses. De una parte, el Gobierno nos anunciar\u00e1 que los brotes verdes econ\u00f3micos seguir\u00e1n creciendo, aunque sea en un desierto de resecadas dunas. De otra, los sindicatos contemplar\u00e1n el paisaje como si [&hellip;]<\/p>\n","protected":false},"author":2,"featured_media":0,"parent":0,"menu_order":0,"comment_status":"open","ping_status":"open","template":"","meta":{"footnotes":""},"class_list":["post-57","page","type-page","status-publish","hentry"],"_links":{"self":[{"href":"https:\/\/www.opinioneslibres.es\/elgatoazul\/index.php?rest_route=\/wp\/v2\/pages\/57","targetHints":{"allow":["GET"]}}],"collection":[{"href":"https:\/\/www.opinioneslibres.es\/elgatoazul\/index.php?rest_route=\/wp\/v2\/pages"}],"about":[{"href":"https:\/\/www.opinioneslibres.es\/elgatoazul\/index.php?rest_route=\/wp\/v2\/types\/page"}],"author":[{"embeddable":true,"href":"https:\/\/www.opinioneslibres.es\/elgatoazul\/index.php?rest_route=\/wp\/v2\/users\/2"}],"replies":[{"embeddable":true,"href":"https:\/\/www.opinioneslibres.es\/elgatoazul\/index.php?rest_route=%2Fwp%2Fv2%2Fcomments&post=57"}],"version-history":[{"count":0,"href":"https:\/\/www.opinioneslibres.es\/elgatoazul\/index.php?rest_route=\/wp\/v2\/pages\/57\/revisions"}],"wp:attachment":[{"href":"https:\/\/www.opinioneslibres.es\/elgatoazul\/index.php?rest_route=%2Fwp%2Fv2%2Fmedia&parent=57"}],"curies":[{"name":"wp","href":"https:\/\/api.w.org\/{rel}","templated":true}]}}