{"id":713,"date":"2015-02-07T11:19:51","date_gmt":"2015-02-07T11:19:51","guid":{"rendered":"https:\/\/www.opinioneslibres.es\/elgatoazul\/?page_id=713"},"modified":"2015-02-09T23:36:10","modified_gmt":"2015-02-09T23:36:10","slug":"y-de-repente-estallo-un-trueno","status":"publish","type":"page","link":"https:\/\/www.opinioneslibres.es\/elgatoazul\/?page_id=713","title":{"rendered":"Y DE REPENTE ESTALLO UN TRUENO"},"content":{"rendered":"<p style=\"text-align: right;\">Publicado en DIARIO MONTA\u00d1ES 1 febrero 2015<\/p>\n<p>Por fin, en una reuni\u00f3n de pol\u00edticos,\u00a0 se ha o\u00eddo un discurso <a href=\"https:\/\/www.opinioneslibres.es\/elgatoazul\/wp-content\/uploads\/2015\/02\/trueno.jpg\"><img loading=\"lazy\" decoding=\"async\" class=\"alignleft size-medium wp-image-712\" alt=\"trueno\" src=\"https:\/\/www.opinioneslibres.es\/elgatoazul\/wp-content\/uploads\/2015\/02\/trueno-300x199.jpg\" width=\"300\" height=\"199\" srcset=\"https:\/\/www.opinioneslibres.es\/elgatoazul\/wp-content\/uploads\/2015\/02\/trueno-300x199.jpg 300w, https:\/\/www.opinioneslibres.es\/elgatoazul\/wp-content\/uploads\/2015\/02\/trueno.jpg 650w\" sizes=\"auto, (max-width: 300px) 100vw, 300px\" \/><\/a>pol\u00edtico. Por fin se ha enviado un mensaje de \u00e1nimo. Por fin se ha realizado una critica abierta a las actuaciones. Por fin se han recordado las esencias fundamentales donde asientan los ideales que deben dirigir una acci\u00f3n pol\u00edtica. Hasta ahora,\u00a0 legislando\u00a0 pensando solo en las cuentas de resultados, nuestros gobernantes ejerc\u00edan su labor como podr\u00edan haberlo hecho unos directivos, atentos a los balances,\u00a0 los recortes de gasto y la b\u00fasqueda de financiaci\u00f3n. \u00bfQu\u00e9 le importa al ejecutivo el bienestar de sus empleados?. Su preocupaci\u00f3n es en mantener su mercado y las ventas.<\/p>\n<p>Desde que el PP gan\u00f3 las elecciones, su mayor esfuerzo ha sido abordar los temas de una econom\u00eda destrozada. Pero dej\u00f3 al margen las reformas que todos esperaban: la\u00a0 reducci\u00f3n del gasto p\u00fablico, tanto a nivel nacional como auton\u00f3mico,\u00a0 la reforma de la ley electoral, la racionalizaci\u00f3n de la administraci\u00f3n p\u00fablica, el mantenimiento de la autoridad del Estado sobre los separatistas, la reforma de una justicia dot\u00e1ndola de medios para hacerla m\u00e1s r\u00e1pida e independiente. \u00bfTan dif\u00edcil era resolver por decreto el desm\u00e1n de los dep\u00f3sitos preferentes, la eliminaci\u00f3n de m\u00faltiples empresas p\u00fablicas in\u00fatiles, la aplicaci\u00f3n de una reforma educativa en profundidad?. Se han desaprovechado a\u00f1os de mayor\u00eda absoluta en busca de consensos imposibles. Y as\u00ed ha resultado, al amparo de leyes no reformadas, que la Justicia siga dependiendo del ejecutivo, que el endeudamiento de las comunidades aut\u00f3nomas siga creciendo, y que se mantengan medidas laborales que impiden la equiparaci\u00f3n\u00a0 del trabajador y del empresario espa\u00f1ol, en sus derechos y obligaciones, con el resto de los pa\u00edses de Europa.<\/p>\n<p>Ha sido necesario que Mois\u00e9s descendiese del monte\u00a0 Sina\u00ed y arremetiera contra su pueblo, record\u00e1ndole sus esencias, clamando por su aut\u00e9ntica identidad y por aquello que prometi\u00f3 en su d\u00eda, con un mensaje de contenido pol\u00edtico olvidado por un ejecutivo atrincherado en la elaboraci\u00f3n de leyes y normas como lo podr\u00eda haber hecho el director de la General Motors. Aznar cometi\u00f3 errores graves en su mandato y los asume. El actual PP ni\u00a0 los\u00a0 reconoce ni los asume. Ni\u00a0 por su turbia\u00a0 financiaci\u00f3n irregular, ni por la defensa\u00a0 d\u00e9bil de\u00a0 sus corruptos, ni\u00a0 por\u00a0 su forma de afrontar el separatismo catal\u00e1n, ni por la condescendencia en la excarcelaci\u00f3n\u00a0 de terroristas, ni\u00a0 por su tolerancia hacia el aborto conseguido con\u00a0 los gobiernos de Zapatero, ni con la necesidad de aplicar una firme renovaci\u00f3n de la educaci\u00f3n. Siempre buscando consensos imposibles, con la historia de la herencia recibida, pensando que las reformas parciales son mejores que los cambios dr\u00e1sticos e incapaz de dirigirse a la naci\u00f3n sin complejos.<\/p>\n<p>Aznar ha surgido como un trueno, frente a un auditorio que esperaba aplaudirle cort\u00e9smente sin esperar la reprimenda. Se le ten\u00eda olvidado, como al pariente descarriado responsable de la desgracia familiar, y aun son muchos quienes buscan enfrentamientos y desencuentros. No ser\u00e1 el Mois\u00e9s que lleve a los suyos hasta\u00a0 la Tierra Prometida, pero ha cargado contra el Becerro de Oro. No recuerdo que en ning\u00fan momento, ning\u00fan partido haya hecho una autocr\u00edtica p\u00fablica de su actuaci\u00f3n. Ni en el PP, ni por supuesto en el PSOE que silencia los desastres de su anterior gobierno. O de aquellas formaciones m\u00e1s a la izquierda que siguen buscando en el comunismo, pese a su tenebroso pasado, la soluci\u00f3n de los males. Hasta hoy.<\/p>\n<p>El problema es si sus palabras ser\u00e1n solo\u00a0 un mal trago pasajero. Gobernar no es solo dirigir un pa\u00eds, sino hacerlo siguiendo un ideario. Si \u00e9ste no existe, la misi\u00f3n podr\u00eda encomendarse a un equipo de economistas y juristas, que estudien los balances econ\u00f3micos y el cuerpo de las leyes.\u00a0 Pero ocurre que los partidos pol\u00edticos se basan en ideas. No es lo mismo gobernar con una visi\u00f3n colectivista\u00a0 que promoviendo la iniciativa individual. No es lo mismo recoger impuestos para que el Estado gestione la econom\u00eda, que dejar que los ciudadanos dispongan de su propio dinero y ser los motores de la\u00a0 riqueza. Nos hemos olvidado del orgullo de ser una naci\u00f3n y nuestros logros,\u00a0 para sustituirlos por la aceptaci\u00f3n de convertirnos en una aglomeraci\u00f3n de autonom\u00edas enfrentadas, aceptando la educaci\u00f3n del esfuerzo m\u00ednimo, y tolerando que el Estado se introduzca en nuestras casas reglamentando nuestras vidas hasta extremos asfixiantes.<\/p>\n<p>En los momentos dif\u00edciles hay que buscar personas capaces pero, sobretodo, \u00e9stas deben tener claras sus ideas. Si todo se reduce a un entendimiento con la oposici\u00f3n, cuando \u00e9sta abiertamente la rechaza, el camino debe hacerse en solitario, con el respaldo de la mayor\u00eda absoluta lograda. Y si no, pongamos el gobierno del pa\u00eds en manos de un equipo de economistas\u00a0 para que nos saquen las casta\u00f1as del fuego y dej\u00e9monos de zarandajas ideol\u00f3gicas.<\/p>\n","protected":false},"excerpt":{"rendered":"<p>Publicado en DIARIO MONTA\u00d1ES 1 febrero 2015 Por fin, en una reuni\u00f3n de pol\u00edticos,\u00a0 se ha o\u00eddo un discurso pol\u00edtico. Por fin se ha enviado un mensaje de \u00e1nimo. Por fin se ha realizado una critica abierta a las actuaciones. Por fin se han recordado las esencias fundamentales donde asientan los ideales que deben dirigir [&hellip;]<\/p>\n","protected":false},"author":2,"featured_media":0,"parent":0,"menu_order":0,"comment_status":"open","ping_status":"closed","template":"","meta":{"footnotes":""},"class_list":["post-713","page","type-page","status-publish","hentry"],"_links":{"self":[{"href":"https:\/\/www.opinioneslibres.es\/elgatoazul\/index.php?rest_route=\/wp\/v2\/pages\/713","targetHints":{"allow":["GET"]}}],"collection":[{"href":"https:\/\/www.opinioneslibres.es\/elgatoazul\/index.php?rest_route=\/wp\/v2\/pages"}],"about":[{"href":"https:\/\/www.opinioneslibres.es\/elgatoazul\/index.php?rest_route=\/wp\/v2\/types\/page"}],"author":[{"embeddable":true,"href":"https:\/\/www.opinioneslibres.es\/elgatoazul\/index.php?rest_route=\/wp\/v2\/users\/2"}],"replies":[{"embeddable":true,"href":"https:\/\/www.opinioneslibres.es\/elgatoazul\/index.php?rest_route=%2Fwp%2Fv2%2Fcomments&post=713"}],"version-history":[{"count":1,"href":"https:\/\/www.opinioneslibres.es\/elgatoazul\/index.php?rest_route=\/wp\/v2\/pages\/713\/revisions"}],"predecessor-version":[{"id":714,"href":"https:\/\/www.opinioneslibres.es\/elgatoazul\/index.php?rest_route=\/wp\/v2\/pages\/713\/revisions\/714"}],"wp:attachment":[{"href":"https:\/\/www.opinioneslibres.es\/elgatoazul\/index.php?rest_route=%2Fwp%2Fv2%2Fmedia&parent=713"}],"curies":[{"name":"wp","href":"https:\/\/api.w.org\/{rel}","templated":true}]}}