{"id":927,"date":"2019-04-14T11:38:54","date_gmt":"2019-04-14T11:38:54","guid":{"rendered":"https:\/\/www.opinioneslibres.es\/elgatoazul\/?page_id=927"},"modified":"2019-04-14T11:38:54","modified_gmt":"2019-04-14T11:38:54","slug":"y-quien-sera-el-culpable","status":"publish","type":"page","link":"https:\/\/www.opinioneslibres.es\/elgatoazul\/?page_id=927","title":{"rendered":"\u00bfY QUIEN SERA EL CULPABLE?"},"content":{"rendered":"<p style=\"text-align: right;\">Publicado en DM 13 abril 2019<\/p>\n<p><a href=\"https:\/\/www.opinioneslibres.es\/elgatoazul\/wp-content\/uploads\/2019\/04\/1551041213_551041211-103691779-gettyimages-942825476.jpg\"><img loading=\"lazy\" decoding=\"async\" class=\"alignleft size-medium wp-image-928\" alt=\"1551041213_551041211-103691779-gettyimages-942825476\" src=\"https:\/\/www.opinioneslibres.es\/elgatoazul\/wp-content\/uploads\/2019\/04\/1551041213_551041211-103691779-gettyimages-942825476-300x168.jpg\" width=\"300\" height=\"168\" srcset=\"https:\/\/www.opinioneslibres.es\/elgatoazul\/wp-content\/uploads\/2019\/04\/1551041213_551041211-103691779-gettyimages-942825476-300x168.jpg 300w, https:\/\/www.opinioneslibres.es\/elgatoazul\/wp-content\/uploads\/2019\/04\/1551041213_551041211-103691779-gettyimages-942825476-1024x576.jpg 1024w, https:\/\/www.opinioneslibres.es\/elgatoazul\/wp-content\/uploads\/2019\/04\/1551041213_551041211-103691779-gettyimages-942825476.jpg 1500w\" sizes=\"auto, (max-width: 300px) 100vw, 300px\" \/><\/a>\u00a0 En todos los procesos electorales los candidatos esgrimen el argumento de la importancia del voto favorable. Ahora los partidos que ven amenazadas sus expectativas, hacen llamadas a la responsabilidad y la necesidad de concentrar el voto \u00fatil.<\/p>\n<p>A juzgar por las encuestas\u00a0 parece quedar claro que las pr\u00f3ximas elecciones los socialistas ganar\u00e1n las elecciones, pero con una c\u00e1mara legislativa de voto dispersado que dejar\u00e1 la puerta entreabierta a los temidos pactos con los nacionalistas. Nuestra ley electoral, tan criticada como injusta, lleva camino de cumplir medio siglo sin que los pol\u00edticos se muestren dispuestos a cambiarla. Entre otras cosas, porque siempre les ha venido bien a quienes obten\u00edan mayor\u00edas suficientes: tres veces el PSOE y dos el PP. Y porque a los grupos nacionalistas, aquellos que precisamente sienten Espa\u00f1a como algo ajeno de la que gustosamente se separar\u00edan, les favorece el actual sistema, cuando menos compens\u00e1ndoles con inversiones millonarias pagadas por todos los espa\u00f1oles.<\/p>\n<p>Ahora, con un socialismo radicalizado, en nada parecido al partido protagonista de la transici\u00f3n, los electores conservadores o liberales aparecen escindidos en tres grupos, que unidos llegar\u00edan a la ansiada mayor\u00eda absoluta, pero separados conseguir\u00e1n muchos menos esca\u00f1os que los que representa el sentimiento de sus votos. Aunque tengan m\u00e1s, obtendr\u00e1n menor representaci\u00f3n y Espa\u00f1a volver\u00e1 a ser gobernada por quienes representan a menos de un tercio de los votantes. Ante ello, se clama por el voto \u00fatil, anunciando que si quienes no desean volver a los dispendios socialistas o temen su pacto con los nacionalistas,\u00a0 deben concentrar el voto en una sola opci\u00f3n. Y tienen raz\u00f3n. La mayor\u00eda de los encuestados, se\u00f1alan su preferencia mayoritaria por el PP, Ciudadanos y Vox, pero los dirigentes de estos partidos en modo alguno parecen dispuestos a realizar un pacto\u00a0 preelectoral.<\/p>\n<p>Junto a los datos de las encuestas aparece una cifra elevad\u00edsima de indecisos que dicen a\u00fan dudar sobre a quien votar o incluso de si lo van a hacer y de ellos depender\u00e1 el resultado electoral final. Pero,\u00a0\u00bfrealmente dudan o es la manifestaci\u00f3n del voto oculto?. Tengo la impresi\u00f3n de que muchas encuestas van a saltar por los aires el d\u00eda del recuento. El malestar generalizado hacia la clase pol\u00edtica es el sentimiento generalizado que inicialmente se manifest\u00f3 con la aparici\u00f3n sorpresiva de Podemos y ahora con Vox. No muy distinta a lo que viene ocurriendo en toda Europa, donde los problemas econ\u00f3micos, la inmigraci\u00f3n no regulada y el desencanto han conducido al surgimiento de partidos nuevos o al hundimiento de los tradicionales, desde\u00a0 la izquierda y desde la derecha, en Holanda, en Austria, en Italia, en Francia, en Finlandia , en Dinamarca y en Suecia. Por no hablar del \u00e9xito de Trump, un presidente que jam\u00e1s habr\u00eda encajados en el pensamiento republicano, pero que recogi\u00f3 el mensaje simple y claro de \u201c America, first\u201d.<\/p>\n<p>La pregunta del mill\u00f3n es clara. Si los tres partidos m\u00e1s decididos a hacer frente al independentismo catal\u00e1n y a rebajar los impuestos, est\u00e1n realmente dispuestos a hacer lo que prometen recogiendo el sentir de gran parte de\u00a0 los espa\u00f1oles, \u00bfpor qu\u00e9 no se han puesto de acuerdo en presentar una coalici\u00f3n preelectoral, en lugar de descargar la responsabilidad y la culpa de la dispersi\u00f3n del voto en los ciudadanos?. Cuando\u00a0 se considera que la situaci\u00f3n es de emergencia nacional, tanto por la econom\u00eda como por la amenaza secesionista catalana, deben prever con antelaci\u00f3n qu\u00e9 resultados van a obtener acudiendo separados en vez de ofrecer la posibilidad de concentrar sus votos mediante pactos preelectorales. Es evidente, que si tienen posibilidades de gobernar tras las elecciones, ser\u00e1 por un pacto entre ellos, con cesiones mutuas.\u00a0 Pero tambi\u00e9n es cierto que para ese viaje no necesitaban esas flacas alforjas. Si lo hubieran \u00a0hecho antes, sus resultados ser\u00edan \u00a0mucho mayores. Pero, todos han preferido ser cabezas de rat\u00f3n.<\/p>\n<p>Quiz\u00e1s se aprenda de una vez por todas una lecci\u00f3n: la necesidad de realizar\u00a0 alianzas preelectorales que eviten el riesgo de perder las elecciones o forzar alianzas a posteriori. \u00bfQui\u00e9n ser\u00e1 entonces el culpable de todo?. Que no se lamenten, porque la responsabilidad no recae en los electores sino sobre ellos.<\/p>\n","protected":false},"excerpt":{"rendered":"<p>Publicado en DM 13 abril 2019 \u00a0 En todos los procesos electorales los candidatos esgrimen el argumento de la importancia del voto favorable. Ahora los partidos que ven amenazadas sus expectativas, hacen llamadas a la responsabilidad y la necesidad de concentrar el voto \u00fatil. A juzgar por las encuestas\u00a0 parece quedar claro que las pr\u00f3ximas [&hellip;]<\/p>\n","protected":false},"author":2,"featured_media":0,"parent":0,"menu_order":0,"comment_status":"open","ping_status":"closed","template":"","meta":{"footnotes":""},"class_list":["post-927","page","type-page","status-publish","hentry"],"_links":{"self":[{"href":"https:\/\/www.opinioneslibres.es\/elgatoazul\/index.php?rest_route=\/wp\/v2\/pages\/927","targetHints":{"allow":["GET"]}}],"collection":[{"href":"https:\/\/www.opinioneslibres.es\/elgatoazul\/index.php?rest_route=\/wp\/v2\/pages"}],"about":[{"href":"https:\/\/www.opinioneslibres.es\/elgatoazul\/index.php?rest_route=\/wp\/v2\/types\/page"}],"author":[{"embeddable":true,"href":"https:\/\/www.opinioneslibres.es\/elgatoazul\/index.php?rest_route=\/wp\/v2\/users\/2"}],"replies":[{"embeddable":true,"href":"https:\/\/www.opinioneslibres.es\/elgatoazul\/index.php?rest_route=%2Fwp%2Fv2%2Fcomments&post=927"}],"version-history":[{"count":2,"href":"https:\/\/www.opinioneslibres.es\/elgatoazul\/index.php?rest_route=\/wp\/v2\/pages\/927\/revisions"}],"predecessor-version":[{"id":930,"href":"https:\/\/www.opinioneslibres.es\/elgatoazul\/index.php?rest_route=\/wp\/v2\/pages\/927\/revisions\/930"}],"wp:attachment":[{"href":"https:\/\/www.opinioneslibres.es\/elgatoazul\/index.php?rest_route=%2Fwp%2Fv2%2Fmedia&parent=927"}],"curies":[{"name":"wp","href":"https:\/\/api.w.org\/{rel}","templated":true}]}}