{"id":1726,"date":"2024-11-01T21:09:58","date_gmt":"2024-11-01T19:09:58","guid":{"rendered":"http:\/\/www.opinioneslibres.es\/unaustriacoenlamachina\/?page_id=1726"},"modified":"2025-01-23T18:31:30","modified_gmt":"2025-01-23T16:31:30","slug":"hcen-falta-democratas","status":"publish","type":"page","link":"https:\/\/www.opinioneslibres.es\/unaustriacoenlamachina\/hcen-falta-democratas\/","title":{"rendered":"Hacen falta dem\u00f3cratas"},"content":{"rendered":"<p>Entre 1931 y 1936 todo colaps\u00f3 en Espa\u00f1a. La Naci\u00f3n que se recuperaba de la depresi\u00f3n noventayochista del XIX mostr\u00f3 c\u00f3mo era una Rep\u00fablica sin dem\u00f3cratas con las funestas consecuencias que ello produjo.<\/p>\n<p>En 1977 da comienzo el periodo de mayor \u00e9xito social y econ\u00f3mico conocido por la Naci\u00f3n que avanz\u00f3 hasta situarse en 2004 con niveles y est\u00e1ndares europeos, para llevar los \u00faltimos veinte a\u00f1os de p\u00e9rdida constante tanto en lo econ\u00f3mico como en calidad democr\u00e1tica, hasta preguntarnos si lo que realmente falta en estos tiempos son dem\u00f3cratas, lo mismo que falt\u00f3 en la II Rep\u00fablica, aunque sin llegar al pistolerismo de entonces, con gente que no le importa boludear las Instituciones en donde est\u00e1n estabulados si ello conviene a \u00abla causa\u00bb.<\/p>\n<p>La destrucci\u00f3n del adversario pol\u00edtico considerado y tratado como \u00a0enemigo forma parte de la degradaci\u00f3n iniciada hace veinte a\u00f1os y acentuada hasta el paroxismo durante el \u00faltimo lustro, en donde las tribunas de expresi\u00f3n y opini\u00f3n pol\u00edtica tienen fosos de imposible superaci\u00f3n , con casi media Espa\u00f1a vigilando los comportamientos de la otra casi media, sin preocuparles cuales son las diferencias y lo que es m\u00e1s lamentable, sin prop\u00f3sito alguno de superarlas, provocando una confusi\u00f3n que aleja a la gente de los conceptos b\u00e1sicos de la democracia con partidos incapaces de realizar una labor de moderaci\u00f3n de los excesos, cuando no formando parte de ellos e instalando comportamientos letales para un funcionamiento democr\u00e1tico del Estado, haciendo que el imperio de la Ley se vea con traje de fuerza.<\/p>\n<p>Atravesamos una \u00e9poca en donde hemos visto como se ha cerrado el Congreso y se ha encerrado a los ciudadanos que han permanecido silentes unos, defendiendo la totalitaria medida otros y solamente unos pocos manifestando nuestra indignaci\u00f3n por una decisi\u00f3n pol\u00edtica absolutista utilizada para amordazar en tiempos convulsos.<\/p>\n<p>Somos testigos de un periodo con comportamientos poco recomendables como querellarse contra jueces que instruyen casos que molestan o que el Fiscal General acabe imputado. Malos tiempos para la democracia.<\/p>\n<p>Ciudadanos responsables tambi\u00e9n de alimentar la situaci\u00f3n con su silencio cuando no justificando la corrupci\u00f3n y cualquier otro exceso, lo cual permite a los gobernantes \u00a0perseverar en su carril a\u00fan a riesgo de poner el sistema patas arriba con nombramientos inadmisibles por irrespetuosos con los fundamentos democr\u00e1ticos de separaci\u00f3n de poderes, se est\u00e1n colonizando para perpetuarse en el poder a\u00fan despu\u00e9s de unas elecciones con resultado adversos todo tipo de organismos con funciones de control y contrapoder al omnipotente y excesivo poder gubernamental, que adem\u00e1s debe parecerles insuficiente, pues en jornadas tr\u00e1gicas para la Naci\u00f3n se ha forzado un pleno en el Congreso para controlar la ruinosa TVE con el nombramiento de convencidos groupis, aut\u00e9ntica pol\u00edtica de bot\u00edn de guerra, pi\u00f1ata lo llaman en otros hemisferios, que pone todo tipo de instituciones al servicio de los contractuales gobernantes.<\/p>\n<p>Durante estos \u00faltimos a\u00f1os donde hemos visto el cierre del Congreso y el secuestro ciudadano como ejemplos evidentes de decisiones pol\u00edtica de pulsi\u00f3n autocr\u00e1tica, en donde la sensaci\u00f3n de que se gobierna en contra de \u00ablos otros\u00bb hace evidente que nos hacen falta dem\u00f3cratas.<\/p>\n<p>La democracia es m\u00e1s, mucho m\u00e1s que ir a votar. Son tribunales independientes, separaci\u00f3n \u00a0de poderes, mecanismos efectivos de control, seguridad jur\u00eddica para defender la libertad, la vida y la propiedad. En definitiva : gobiernos que no abusen de posiciones de dominio sobre la gente y tambi\u00e9n, una sociedad que lo exija.<\/p>\n","protected":false},"excerpt":{"rendered":"<p>Entre 1931 y 1936 todo colaps\u00f3 en Espa\u00f1a. La Naci\u00f3n que se recuperaba de la depresi\u00f3n noventayochista del XIX mostr\u00f3 c\u00f3mo era una Rep\u00fablica sin dem\u00f3cratas con las funestas consecuencias que ello produjo. En 1977 da comienzo el periodo de &hellip; <a href=\"https:\/\/www.opinioneslibres.es\/unaustriacoenlamachina\/hcen-falta-democratas\/\">Sigue leyendo <span class=\"meta-nav\">&rarr;<\/span><\/a><\/p>\n","protected":false},"author":2,"featured_media":0,"parent":0,"menu_order":0,"comment_status":"closed","ping_status":"closed","template":"","meta":{"footnotes":""},"class_list":["post-1726","page","type-page","status-publish","hentry"],"_links":{"self":[{"href":"https:\/\/www.opinioneslibres.es\/unaustriacoenlamachina\/wp-json\/wp\/v2\/pages\/1726","targetHints":{"allow":["GET"]}}],"collection":[{"href":"https:\/\/www.opinioneslibres.es\/unaustriacoenlamachina\/wp-json\/wp\/v2\/pages"}],"about":[{"href":"https:\/\/www.opinioneslibres.es\/unaustriacoenlamachina\/wp-json\/wp\/v2\/types\/page"}],"author":[{"embeddable":true,"href":"https:\/\/www.opinioneslibres.es\/unaustriacoenlamachina\/wp-json\/wp\/v2\/users\/2"}],"replies":[{"embeddable":true,"href":"https:\/\/www.opinioneslibres.es\/unaustriacoenlamachina\/wp-json\/wp\/v2\/comments?post=1726"}],"version-history":[{"count":3,"href":"https:\/\/www.opinioneslibres.es\/unaustriacoenlamachina\/wp-json\/wp\/v2\/pages\/1726\/revisions"}],"predecessor-version":[{"id":1762,"href":"https:\/\/www.opinioneslibres.es\/unaustriacoenlamachina\/wp-json\/wp\/v2\/pages\/1726\/revisions\/1762"}],"wp:attachment":[{"href":"https:\/\/www.opinioneslibres.es\/unaustriacoenlamachina\/wp-json\/wp\/v2\/media?parent=1726"}],"curies":[{"name":"wp","href":"https:\/\/api.w.org\/{rel}","templated":true}]}}